{"id":96,"date":"2020-01-13T11:58:22","date_gmt":"2020-01-13T09:58:22","guid":{"rendered":"https:\/\/suomaa.com\/?page_id=9"},"modified":"2020-02-03T10:00:20","modified_gmt":"2020-02-03T08:00:20","slug":"suomaa","status":"publish","type":"page","link":"https:\/\/suomaa.com\/de\/","title":{"rendered":"Die SUOMAA-Heiltorfsauna"},"content":{"rendered":"<p><strong>Die SUOMAA-Heiltorfsauna<\/strong> sensibilisiert die sinnliche Wahrnehmung ganzheitlicher und wahrhaftiger Momente \u2013 sie entlastet den K\u00f6rper und die Seele, macht die Haut sanft und vertieft den Schlaf.<\/p>\n<p><strong>Die SUOMAA-Methode<\/strong> verbindet die Tradition der mitteleurop\u00e4ischen Moorb\u00e4der mit dem finnischen Saunabad und mit physiologischen Erkenntnissen, welche die finnische Fach\u00e4rztin f\u00fcr Frauenheilkunde <em>Leena Larva<\/em> gewonnen hat.<\/p>\n<p><strong>Das SUOMAA-Saunaerlebnis<\/strong> ist eine Gesamtheit von wohl\u00fcberlegten Einzelheiten, welche u.a. Temperatur, Sauberkeit, Sicherheitskompetenz und Dienstleistungen nach Kundenw\u00fcnschen ber\u00fccksichtigen. Dies alles erfordert eine detaillierte Planung. So garantiert z.B. die Verkleidung der W\u00e4nde und Saunab\u00e4nke mit saugf\u00e4higen Naturmaterialien die f\u00fcr den Torfsaunagang ben\u00f6tigte Feuchtigkeit.<\/p>\n<p><strong>Die SUOMAA-Badefrau<\/strong> freut sich, den G\u00e4sten Anleitung und Hilfestellung zu geben, und unter Ber\u00fccksichtigung der Gem\u00fctsverfassung jedes Einzelnen vergisst sie auch nicht, dass das Saunaerlebnis durch alle Sinneswahrnehmungen entsteht und dass ein L\u00e4cheln zum Gl\u00fccksgef\u00fchl beitr\u00e4gt.<\/p>\n<p><em>\u201dDie SUOMAA-Torfsauna bedeutet f\u00fcr mich sowohl Therapie f\u00fcr den K\u00f6rper als auch f\u00fcr die Seele, sie entspannt und erfrischt. Die Torfsauna hat mich sicher vor verschiedensten Zipperlein und Beschwerden bewahrt \u2013 regelm\u00e4\u00dfige Torfsaunabesuche sind ein elementarer Teil meiner Gesundheitspflege.\u201d<\/em><br \/>\n\u2013 Kirsti Kallio<\/p>\n<p><em>\u201dDie Haut ist nach der SUOMAA-Torfsauna wunderbar geschmeidig, ich f\u00fchle mich entspannt und angenehm ersch\u00f6pft. Die Torfsauna hilft auch bei Muskelkater nach dem Sport. Au\u00dferdem verbessert sie den Schlaf.\u201d<\/em><br \/>\n\u2013 Marjo Seki<\/p>\n","protected":false},"excerpt":{"rendered":"<p>Die SUOMAA-Heiltorfsauna sensibilisiert die sinnliche Wahrnehmung ganzheitlicher und wahrhaftiger Momente \u2013 sie entlastet den K\u00f6rper und die Seele, macht die Haut sanft und vertieft den Schlaf. Die SUOMAA-Methode verbindet die Tradition der mitteleurop\u00e4ischen Moorb\u00e4der mit dem finnischen Saunabad und mit physiologischen Erkenntnissen, welche die finnische Fach\u00e4rztin f\u00fcr Frauenheilkunde Leena Larva gewonnen hat. Das SUOMAA-Saunaerlebnis ist [&hellip;]<\/p>\n","protected":false},"author":1,"featured_media":22,"parent":0,"menu_order":0,"comment_status":"closed","ping_status":"closed","template":"frontpage-de.php","meta":{"_acf_changed":false,"footnotes":""},"class_list":["post-96","page","type-page","status-publish","has-post-thumbnail","hentry"],"acf":[],"yoast_head":"<!-- This site is optimized with the Yoast SEO plugin v27.4 - https:\/\/yoast.com\/product\/yoast-seo-wordpress\/ -->\n<title>Die SUOMAA-Heiltorfsauna - Suomaa Deutsch<\/title>\n<meta name=\"description\" content=\"Die SUOMAA-Heiltorfsauna sensibilisiert die sinnliche Wahrnehmung ganzheitlicher und wahrhaftiger Momente \u2013 sie entlastet den K\u00f6rper und die Seele, macht die Haut sanft und vertieft den Schlaf.\" \/>\n<meta name=\"robots\" content=\"index, follow, max-snippet:-1, max-image-preview:large, max-video-preview:-1\" \/>\n<link rel=\"canonical\" href=\"https:\/\/suomaa.com\/de\/\" \/>\n<meta property=\"og:locale\" content=\"fi_FI\" \/>\n<meta property=\"og:type\" content=\"article\" \/>\n<meta property=\"og:title\" content=\"Die SUOMAA-Heiltorfsauna - Suomaa Deutsch\" \/>\n<meta property=\"og:description\" content=\"Die SUOMAA-Heiltorfsauna sensibilisiert die sinnliche Wahrnehmung ganzheitlicher und wahrhaftiger Momente \u2013 sie entlastet den K\u00f6rper und die Seele, macht die Haut sanft und vertieft den Schlaf.\" \/>\n<meta property=\"og:url\" content=\"https:\/\/suomaa.com\/de\/\" \/>\n<meta property=\"og:site_name\" content=\"Suomaa Deutsch\" \/>\n<meta property=\"article:modified_time\" content=\"2020-02-03T08:00:20+00:00\" \/>\n<meta property=\"og:image\" content=\"https:\/\/suomaa.com\/de\/wp-content\/uploads\/sites\/2\/2020\/01\/suomaa-hoitoturve-1.jpg\" \/>\n\t<meta property=\"og:image:width\" content=\"1920\" \/>\n\t<meta property=\"og:image:height\" content=\"1140\" \/>\n\t<meta property=\"og:image:type\" content=\"image\/jpeg\" \/>\n<meta name=\"twitter:card\" content=\"summary_large_image\" \/>\n<meta name=\"twitter:label1\" content=\"Arvioitu lukuaika\" \/>\n\t<meta name=\"twitter:data1\" content=\"1 minuutti\" \/>\n<script type=\"application\/ld+json\" class=\"yoast-schema-graph\">{\"@context\":\"https:\\\/\\\/schema.org\",\"@graph\":[{\"@type\":\"WebPage\",\"@id\":\"https:\\\/\\\/suomaa.com\\\/de\\\/\",\"url\":\"https:\\\/\\\/suomaa.com\\\/de\\\/\",\"name\":\"Die SUOMAA-Heiltorfsauna - Suomaa Deutsch\",\"isPartOf\":{\"@id\":\"https:\\\/\\\/suomaa.com\\\/de\\\/#website\"},\"primaryImageOfPage\":{\"@id\":\"https:\\\/\\\/suomaa.com\\\/de\\\/#primaryimage\"},\"image\":{\"@id\":\"https:\\\/\\\/suomaa.com\\\/de\\\/#primaryimage\"},\"thumbnailUrl\":\"https:\\\/\\\/suomaa.com\\\/de\\\/wp-content\\\/uploads\\\/sites\\\/2\\\/2020\\\/01\\\/suomaa-hoitoturve-1.jpg\",\"datePublished\":\"2020-01-13T09:58:22+00:00\",\"dateModified\":\"2020-02-03T08:00:20+00:00\",\"description\":\"Die SUOMAA-Heiltorfsauna sensibilisiert die sinnliche Wahrnehmung ganzheitlicher und wahrhaftiger Momente \u2013 sie entlastet den K\u00f6rper und die Seele, macht die Haut sanft und vertieft den Schlaf.\",\"breadcrumb\":{\"@id\":\"https:\\\/\\\/suomaa.com\\\/de\\\/#breadcrumb\"},\"inLanguage\":\"fi\",\"potentialAction\":[{\"@type\":\"ReadAction\",\"target\":[\"https:\\\/\\\/suomaa.com\\\/de\\\/\"]}]},{\"@type\":\"ImageObject\",\"inLanguage\":\"fi\",\"@id\":\"https:\\\/\\\/suomaa.com\\\/de\\\/#primaryimage\",\"url\":\"https:\\\/\\\/suomaa.com\\\/de\\\/wp-content\\\/uploads\\\/sites\\\/2\\\/2020\\\/01\\\/suomaa-hoitoturve-1.jpg\",\"contentUrl\":\"https:\\\/\\\/suomaa.com\\\/de\\\/wp-content\\\/uploads\\\/sites\\\/2\\\/2020\\\/01\\\/suomaa-hoitoturve-1.jpg\",\"width\":1920,\"height\":1140},{\"@type\":\"BreadcrumbList\",\"@id\":\"https:\\\/\\\/suomaa.com\\\/de\\\/#breadcrumb\",\"itemListElement\":[{\"@type\":\"ListItem\",\"position\":1,\"name\":\"Home\",\"item\":\"https:\\\/\\\/suomaa.com\\\/de\\\/\"},{\"@type\":\"ListItem\",\"position\":2,\"name\":\"Die SUOMAA-Heiltorfsauna\"}]},{\"@type\":\"WebSite\",\"@id\":\"https:\\\/\\\/suomaa.com\\\/de\\\/#website\",\"url\":\"https:\\\/\\\/suomaa.com\\\/de\\\/\",\"name\":\"Suomaa Deutsch\",\"description\":\"\",\"publisher\":{\"@id\":\"https:\\\/\\\/suomaa.com\\\/de\\\/#organization\"},\"potentialAction\":[{\"@type\":\"SearchAction\",\"target\":{\"@type\":\"EntryPoint\",\"urlTemplate\":\"https:\\\/\\\/suomaa.com\\\/de\\\/?s={search_term_string}\"},\"query-input\":{\"@type\":\"PropertyValueSpecification\",\"valueRequired\":true,\"valueName\":\"search_term_string\"}}],\"inLanguage\":\"fi\"},{\"@type\":\"Organization\",\"@id\":\"https:\\\/\\\/suomaa.com\\\/de\\\/#organization\",\"name\":\"Suomaa Deutsch\",\"url\":\"https:\\\/\\\/suomaa.com\\\/de\\\/\",\"logo\":{\"@type\":\"ImageObject\",\"inLanguage\":\"fi\",\"@id\":\"https:\\\/\\\/suomaa.com\\\/de\\\/#\\\/schema\\\/logo\\\/image\\\/\",\"url\":\"https:\\\/\\\/suomaa.com\\\/de\\\/wp-content\\\/uploads\\\/sites\\\/2\\\/2020\\\/01\\\/suomaa-logo.png\",\"contentUrl\":\"https:\\\/\\\/suomaa.com\\\/de\\\/wp-content\\\/uploads\\\/sites\\\/2\\\/2020\\\/01\\\/suomaa-logo.png\",\"width\":491,\"height\":79,\"caption\":\"Suomaa Deutsch\"},\"image\":{\"@id\":\"https:\\\/\\\/suomaa.com\\\/de\\\/#\\\/schema\\\/logo\\\/image\\\/\"}}]}<\/script>\n<!-- \/ Yoast SEO plugin. -->","yoast_head_json":{"title":"Die SUOMAA-Heiltorfsauna - Suomaa Deutsch","description":"Die SUOMAA-Heiltorfsauna sensibilisiert die sinnliche Wahrnehmung ganzheitlicher und wahrhaftiger Momente \u2013 sie entlastet den K\u00f6rper und die Seele, macht die Haut sanft und vertieft den Schlaf.","robots":{"index":"index","follow":"follow","max-snippet":"max-snippet:-1","max-image-preview":"max-image-preview:large","max-video-preview":"max-video-preview:-1"},"canonical":"https:\/\/suomaa.com\/de\/","og_locale":"fi_FI","og_type":"article","og_title":"Die SUOMAA-Heiltorfsauna - Suomaa Deutsch","og_description":"Die SUOMAA-Heiltorfsauna sensibilisiert die sinnliche Wahrnehmung ganzheitlicher und wahrhaftiger Momente \u2013 sie entlastet den K\u00f6rper und die Seele, macht die Haut sanft und vertieft den Schlaf.","og_url":"https:\/\/suomaa.com\/de\/","og_site_name":"Suomaa Deutsch","article_modified_time":"2020-02-03T08:00:20+00:00","og_image":[{"width":1920,"height":1140,"url":"https:\/\/suomaa.com\/de\/wp-content\/uploads\/sites\/2\/2020\/01\/suomaa-hoitoturve-1.jpg","type":"image\/jpeg"}],"twitter_card":"summary_large_image","twitter_misc":{"Arvioitu lukuaika":"1 minuutti"},"schema":{"@context":"https:\/\/schema.org","@graph":[{"@type":"WebPage","@id":"https:\/\/suomaa.com\/de\/","url":"https:\/\/suomaa.com\/de\/","name":"Die SUOMAA-Heiltorfsauna - Suomaa Deutsch","isPartOf":{"@id":"https:\/\/suomaa.com\/de\/#website"},"primaryImageOfPage":{"@id":"https:\/\/suomaa.com\/de\/#primaryimage"},"image":{"@id":"https:\/\/suomaa.com\/de\/#primaryimage"},"thumbnailUrl":"https:\/\/suomaa.com\/de\/wp-content\/uploads\/sites\/2\/2020\/01\/suomaa-hoitoturve-1.jpg","datePublished":"2020-01-13T09:58:22+00:00","dateModified":"2020-02-03T08:00:20+00:00","description":"Die SUOMAA-Heiltorfsauna sensibilisiert die sinnliche Wahrnehmung ganzheitlicher und wahrhaftiger Momente \u2013 sie entlastet den K\u00f6rper und die Seele, macht die Haut sanft und vertieft den Schlaf.","breadcrumb":{"@id":"https:\/\/suomaa.com\/de\/#breadcrumb"},"inLanguage":"fi","potentialAction":[{"@type":"ReadAction","target":["https:\/\/suomaa.com\/de\/"]}]},{"@type":"ImageObject","inLanguage":"fi","@id":"https:\/\/suomaa.com\/de\/#primaryimage","url":"https:\/\/suomaa.com\/de\/wp-content\/uploads\/sites\/2\/2020\/01\/suomaa-hoitoturve-1.jpg","contentUrl":"https:\/\/suomaa.com\/de\/wp-content\/uploads\/sites\/2\/2020\/01\/suomaa-hoitoturve-1.jpg","width":1920,"height":1140},{"@type":"BreadcrumbList","@id":"https:\/\/suomaa.com\/de\/#breadcrumb","itemListElement":[{"@type":"ListItem","position":1,"name":"Home","item":"https:\/\/suomaa.com\/de\/"},{"@type":"ListItem","position":2,"name":"Die SUOMAA-Heiltorfsauna"}]},{"@type":"WebSite","@id":"https:\/\/suomaa.com\/de\/#website","url":"https:\/\/suomaa.com\/de\/","name":"Suomaa Deutsch","description":"","publisher":{"@id":"https:\/\/suomaa.com\/de\/#organization"},"potentialAction":[{"@type":"SearchAction","target":{"@type":"EntryPoint","urlTemplate":"https:\/\/suomaa.com\/de\/?s={search_term_string}"},"query-input":{"@type":"PropertyValueSpecification","valueRequired":true,"valueName":"search_term_string"}}],"inLanguage":"fi"},{"@type":"Organization","@id":"https:\/\/suomaa.com\/de\/#organization","name":"Suomaa Deutsch","url":"https:\/\/suomaa.com\/de\/","logo":{"@type":"ImageObject","inLanguage":"fi","@id":"https:\/\/suomaa.com\/de\/#\/schema\/logo\/image\/","url":"https:\/\/suomaa.com\/de\/wp-content\/uploads\/sites\/2\/2020\/01\/suomaa-logo.png","contentUrl":"https:\/\/suomaa.com\/de\/wp-content\/uploads\/sites\/2\/2020\/01\/suomaa-logo.png","width":491,"height":79,"caption":"Suomaa Deutsch"},"image":{"@id":"https:\/\/suomaa.com\/de\/#\/schema\/logo\/image\/"}}]}},"_links":{"self":[{"href":"https:\/\/suomaa.com\/de\/wp-json\/wp\/v2\/pages\/96","targetHints":{"allow":["GET"]}}],"collection":[{"href":"https:\/\/suomaa.com\/de\/wp-json\/wp\/v2\/pages"}],"about":[{"href":"https:\/\/suomaa.com\/de\/wp-json\/wp\/v2\/types\/page"}],"author":[{"embeddable":true,"href":"https:\/\/suomaa.com\/de\/wp-json\/wp\/v2\/users\/1"}],"replies":[{"embeddable":true,"href":"https:\/\/suomaa.com\/de\/wp-json\/wp\/v2\/comments?post=96"}],"version-history":[{"count":42,"href":"https:\/\/suomaa.com\/de\/wp-json\/wp\/v2\/pages\/96\/revisions"}],"predecessor-version":[{"id":206,"href":"https:\/\/suomaa.com\/de\/wp-json\/wp\/v2\/pages\/96\/revisions\/206"}],"wp:featuredmedia":[{"embeddable":true,"href":"https:\/\/suomaa.com\/de\/wp-json\/wp\/v2\/media\/22"}],"wp:attachment":[{"href":"https:\/\/suomaa.com\/de\/wp-json\/wp\/v2\/media?parent=96"}],"curies":[{"name":"wp","href":"https:\/\/api.w.org\/{rel}","templated":true}]}}