{"id":30,"date":"2020-01-14T10:34:18","date_gmt":"2020-01-14T08:34:18","guid":{"rendered":"https:\/\/suomaa.com\/?page_id=30"},"modified":"2020-02-03T14:17:56","modified_gmt":"2020-02-03T12:17:56","slug":"heiltorfsauna","status":"publish","type":"page","link":"https:\/\/suomaa.com\/de\/heiltorfsauna\/","title":{"rendered":"HEILTORFSAUNA"},"content":{"rendered":"<h2>Die SUOMAA-Heiltorfsauna entspannt, lindert Schmerzen und reduziert \u00d6deme<\/h2>\n<p><strong>Auf der Grundlage ihrer Erfahrungen <\/strong>geht \u00c4rztin Leena Larva davon aus, dass eine allgemeine Muskelverspannung den Fl\u00fcssigkeitstransport aus dem Gewebe behindert. Bewegung ist der Motor der Fl\u00fcssigkeitszirkulation, aber auch auf die Haut aufgetragener Heiltorf scheint die Str\u00f6mung der Fl\u00fcssigkeit, d.h. die Lymphstr\u00f6mung in Richtung Venen zu beschleunigen. Viele Saunag\u00e4ste berichten, nach dem Torfsaunagang ein Gef\u00fchl des Flie\u00dfens im K\u00f6rper sp\u00fcren.<\/p>\n<p><strong>Die SUOMAA-Heiltorfsauna<\/strong> bringt Erleichterung auch bei Beschwerden in den Wechseljahren wie z.B. Hitzewallungen, Schlafst\u00f6rungen, Verstimmungen, Lust- und Antriebslosigkeit. Dies wurde bei den Studien der Aino Klinik festgestellt (2008, unver\u00f6ffentlichte eigene Studien). Ein tradierter Spruch sagt, dass Torf gegen hundert Beschwerden hilft. Fast ohne Ausnahme sp\u00fcrt jeder Saunagast nach dem Torfsaunagang die samtartige Weiche der Haut und eine Leichtigkeit im ganzen K\u00f6rper.<\/p>\n<h2>Die SUOMAA-Heiltorfsauna ist ein unter Anleitung durchgef\u00fchrtes, soziales Genesungserlebnis, das auch das Gl\u00fccksgef\u00fchl des Saunagastes erh\u00f6ht.<\/h2>\n<p><strong>Der angeleitete SUOMAA-Saunagang<\/strong> dauert mit den Vor- und Nachentspannungen circa drei Stunden. Dem Saunagast wird alles, was er braucht, vor Ort zur Verf\u00fcgung gestellt: Saunatextilien, Bademantel und Pantoffeln, dazu werden Wasser, Tee und salzige H\u00e4ppchen serviert. Die geschulten SUOMAA-Badefrauen sind w\u00e4hrend der gesamten Anwendung anwesend und garantieren eine erprobte, sichere und die Gesundheit f\u00f6rdernde Heiltorfbehandlung. Es empfiehlt sich, reichlich Zeit f\u00fcr den Torfsaunagang zu reservieren, denn Eile beeintr\u00e4chtigt die entspannende Wirkung. Sportlern gibt der SUOMAA-Saunagang eine effektive Erholung.<\/p>\n<p><strong>Das optimale Torfsaunaerlebnis<\/strong> erzielt man morgens nach einer gut durchschlafenen Nacht oder nach einem erholsamen Mittagsschlaf. Um Fl\u00fcssigkeitsmangel zu vermeiden, wird reichlich Wasser vor und w\u00e4hrend des Saunaganges sowie danach getrunken. Auf Empfehlung des behandelnden Arztes k\u00f6nnen auch chronisch kranke Patienten die Torfsauna genie\u00dfen. Die Torfbehandlung eignet sich nicht bei offenen Wunden und entz\u00fcndeten Hautpartien. Auch Menschen, die Krebserkrankungen \u00fcberwunden haben, k\u00f6nnen die Torfsauna genie\u00dfen.<\/p>\n<h2>SUOMAA-Torfsauna bietet medikamentenfreie Therapie f\u00fcr verschiedenste Beschwerden<\/h2>\n<p>Muskelschmerzen und -verspannungen<br \/>\nErkrankungen des St\u00fctz- und Bewegungsapparates, wie Gelenkrheuma und Arthrose<br \/>\nErkrankungen des Harntrakts<br \/>\nStress<br \/>\nSchlaflosigkeit<br \/>\nDepression<br \/>\nBeschwerden der Wechseljahre<br \/>\nLustlosigkeit<br \/>\nZellulitis<br \/>\n\u00d6deme<br \/>\nGewichtskontrolle<br \/>\nGicht<\/p>\n<h2>Willkommen in der SUOMAA-Heiltorfsauna!<\/h2>\n<p><strong>SUOMAA-Heiltorfsaunab\u00e4der <\/strong>bieten die Aino Klinikat Oy, Mets\u00e4kansan Ainola in Valkeakoski und die Nukula Oy, in Toivakka. Torfsauna f\u00fcr Gruppen wird mehrmals im Monat angeboten.<br \/>\n<strong><a href=\"https:\/\/suomaa.com\/de\/aktuelles\/\">Hier finden Sie die Heiltorfsauna-Termine f\u00fcr das Fr\u00fchjahr 2020.<\/a><\/strong><\/p>\n<p><strong>SUOMAA-Heiltorfsauna als Bestellsauna<\/strong>, Auskunft unter Tel. +358 500 607 553 oder info@ainoklinikat.fi<\/p>\n<p><strong>SUOMAA-Zeltsauna<\/strong> \u2013 bietet ein pflegendes Torfsaunaerlebnis in der Wildnis. Die Zeltsauna und ihre kribbelnd hei\u00dfen Aufg\u00fcsse halten den Torf auf der Haut feucht. Das anschlie\u00dfende Bad im Natursee ist angenehm erfrischend. Nach dem Saunagang ruht man sich aus und l\u00e4sst den Blick auf schwebenden Wolken in der Ferne ruhen. Das Richten des Blickes in die Ferne vermindert virtuellen Stress, wie er z. B. durch konzentriertes Betrachten eines Bildschirms verursacht wird. Nach dem Torfsaunagang ist es leicht, sich nur auf das Wesentliche zu besinnen.<br \/>\nReservieren Sie die SUOMAA-Zeltsauna zus\u00e4tzlich zu Ihrer Veranstaltung! Auskunft unter Tel. +358 500 607 553 oder info@ainoklinikat.fi<\/p>\n<p><img loading=\"lazy\" decoding=\"async\" class=\"alignnone size-full wp-image-120\" src=\"https:\/\/suomaa.com\/de\/wp-content\/uploads\/sites\/2\/2020\/01\/suomaa-hoitoturve-10.jpg\" alt=\"\" width=\"1920\" height=\"731\" srcset=\"https:\/\/suomaa.com\/de\/wp-content\/uploads\/sites\/2\/2020\/01\/suomaa-hoitoturve-10.jpg 1920w, https:\/\/suomaa.com\/de\/wp-content\/uploads\/sites\/2\/2020\/01\/suomaa-hoitoturve-10-300x114.jpg 300w, https:\/\/suomaa.com\/de\/wp-content\/uploads\/sites\/2\/2020\/01\/suomaa-hoitoturve-10-1024x390.jpg 1024w, https:\/\/suomaa.com\/de\/wp-content\/uploads\/sites\/2\/2020\/01\/suomaa-hoitoturve-10-768x292.jpg 768w, https:\/\/suomaa.com\/de\/wp-content\/uploads\/sites\/2\/2020\/01\/suomaa-hoitoturve-10-1536x585.jpg 1536w, https:\/\/suomaa.com\/de\/wp-content\/uploads\/sites\/2\/2020\/01\/suomaa-hoitoturve-10-640x244.jpg 640w, https:\/\/suomaa.com\/de\/wp-content\/uploads\/sites\/2\/2020\/01\/suomaa-hoitoturve-10-1200x457.jpg 1200w\" sizes=\"auto, (max-width: 639px) 98vw, (max-width: 1199px) 64vw, 770px\" \/><\/p>\n<p><em>\u201dIch sehe Sauna als ein geruhsames und gelassenes Erlebnis ohne zeitliche Grenzen. Zum vollkommenen Erlebnis geh\u00f6ren Reinheit, Natur und Naturwasser, eine Seenlandschaft oder Meeresblick. \u2028Die Ruhe ist aber das Wichtigste.\u201d\u2028<\/em><br \/>\n\u2013 Leena Larvas Gedanken \u00fcber das vollkommene Saunaerlebnis<\/p>\n","protected":false},"excerpt":{"rendered":"<p>Die SUOMAA-Heiltorfsauna entspannt, lindert Schmerzen und reduziert \u00d6deme Auf der Grundlage ihrer Erfahrungen geht \u00c4rztin Leena Larva davon aus, dass eine allgemeine Muskelverspannung den Fl\u00fcssigkeitstransport aus dem Gewebe behindert. Bewegung ist der Motor der Fl\u00fcssigkeitszirkulation, aber auch auf die Haut aufgetragener Heiltorf scheint die Str\u00f6mung der Fl\u00fcssigkeit, d.h. die Lymphstr\u00f6mung in Richtung Venen zu beschleunigen. [&hellip;]<\/p>\n","protected":false},"author":1,"featured_media":31,"parent":0,"menu_order":0,"comment_status":"closed","ping_status":"closed","template":"sivu-ei-kuvitus-de.php","meta":{"_acf_changed":false,"footnotes":""},"class_list":["post-30","page","type-page","status-publish","has-post-thumbnail","hentry"],"acf":[],"yoast_head":"<!-- This site is optimized with the Yoast SEO plugin v27.4 - https:\/\/yoast.com\/product\/yoast-seo-wordpress\/ -->\n<title>HEILTORFSAUNA - Suomaa Deutsch<\/title>\n<meta name=\"description\" content=\"Heiltorfsauna: Die SUOMAA-Heiltorfsauna entspannt, lindert Schmerzen und reduziert \u00d6deme\" \/>\n<meta name=\"robots\" content=\"index, follow, max-snippet:-1, max-image-preview:large, max-video-preview:-1\" \/>\n<link rel=\"canonical\" href=\"https:\/\/suomaa.com\/de\/heiltorfsauna\/\" \/>\n<meta property=\"og:locale\" content=\"fi_FI\" \/>\n<meta property=\"og:type\" content=\"article\" \/>\n<meta property=\"og:title\" content=\"HEILTORFSAUNA - Suomaa Deutsch\" \/>\n<meta property=\"og:description\" content=\"Heiltorfsauna: Die SUOMAA-Heiltorfsauna entspannt, lindert Schmerzen und reduziert \u00d6deme\" \/>\n<meta property=\"og:url\" content=\"https:\/\/suomaa.com\/de\/heiltorfsauna\/\" \/>\n<meta property=\"og:site_name\" content=\"Suomaa Deutsch\" \/>\n<meta property=\"article:modified_time\" content=\"2020-02-03T12:17:56+00:00\" \/>\n<meta property=\"og:image\" content=\"https:\/\/suomaa.com\/de\/wp-content\/uploads\/sites\/2\/2020\/01\/suomaa-hoitoturve-5.jpg\" \/>\n\t<meta property=\"og:image:width\" content=\"1920\" \/>\n\t<meta property=\"og:image:height\" content=\"1140\" \/>\n\t<meta property=\"og:image:type\" content=\"image\/jpeg\" \/>\n<meta name=\"twitter:card\" content=\"summary_large_image\" \/>\n<meta name=\"twitter:label1\" content=\"Arvioitu lukuaika\" \/>\n\t<meta name=\"twitter:data1\" content=\"3 minuuttia\" \/>\n<script type=\"application\/ld+json\" class=\"yoast-schema-graph\">{\"@context\":\"https:\\\/\\\/schema.org\",\"@graph\":[{\"@type\":\"WebPage\",\"@id\":\"https:\\\/\\\/suomaa.com\\\/de\\\/heiltorfsauna\\\/\",\"url\":\"https:\\\/\\\/suomaa.com\\\/de\\\/heiltorfsauna\\\/\",\"name\":\"HEILTORFSAUNA - Suomaa Deutsch\",\"isPartOf\":{\"@id\":\"https:\\\/\\\/suomaa.com\\\/de\\\/#website\"},\"primaryImageOfPage\":{\"@id\":\"https:\\\/\\\/suomaa.com\\\/de\\\/heiltorfsauna\\\/#primaryimage\"},\"image\":{\"@id\":\"https:\\\/\\\/suomaa.com\\\/de\\\/heiltorfsauna\\\/#primaryimage\"},\"thumbnailUrl\":\"https:\\\/\\\/suomaa.com\\\/de\\\/wp-content\\\/uploads\\\/sites\\\/2\\\/2020\\\/01\\\/suomaa-hoitoturve-5.jpg\",\"datePublished\":\"2020-01-14T08:34:18+00:00\",\"dateModified\":\"2020-02-03T12:17:56+00:00\",\"description\":\"Heiltorfsauna: Die SUOMAA-Heiltorfsauna entspannt, lindert Schmerzen und reduziert \u00d6deme\",\"breadcrumb\":{\"@id\":\"https:\\\/\\\/suomaa.com\\\/de\\\/heiltorfsauna\\\/#breadcrumb\"},\"inLanguage\":\"fi\",\"potentialAction\":[{\"@type\":\"ReadAction\",\"target\":[\"https:\\\/\\\/suomaa.com\\\/de\\\/heiltorfsauna\\\/\"]}]},{\"@type\":\"ImageObject\",\"inLanguage\":\"fi\",\"@id\":\"https:\\\/\\\/suomaa.com\\\/de\\\/heiltorfsauna\\\/#primaryimage\",\"url\":\"https:\\\/\\\/suomaa.com\\\/de\\\/wp-content\\\/uploads\\\/sites\\\/2\\\/2020\\\/01\\\/suomaa-hoitoturve-5.jpg\",\"contentUrl\":\"https:\\\/\\\/suomaa.com\\\/de\\\/wp-content\\\/uploads\\\/sites\\\/2\\\/2020\\\/01\\\/suomaa-hoitoturve-5.jpg\",\"width\":1920,\"height\":1140},{\"@type\":\"BreadcrumbList\",\"@id\":\"https:\\\/\\\/suomaa.com\\\/de\\\/heiltorfsauna\\\/#breadcrumb\",\"itemListElement\":[{\"@type\":\"ListItem\",\"position\":1,\"name\":\"Home\",\"item\":\"https:\\\/\\\/suomaa.com\\\/de\\\/\"},{\"@type\":\"ListItem\",\"position\":2,\"name\":\"HEILTORFSAUNA\"}]},{\"@type\":\"WebSite\",\"@id\":\"https:\\\/\\\/suomaa.com\\\/de\\\/#website\",\"url\":\"https:\\\/\\\/suomaa.com\\\/de\\\/\",\"name\":\"Suomaa Deutsch\",\"description\":\"\",\"publisher\":{\"@id\":\"https:\\\/\\\/suomaa.com\\\/de\\\/#organization\"},\"potentialAction\":[{\"@type\":\"SearchAction\",\"target\":{\"@type\":\"EntryPoint\",\"urlTemplate\":\"https:\\\/\\\/suomaa.com\\\/de\\\/?s={search_term_string}\"},\"query-input\":{\"@type\":\"PropertyValueSpecification\",\"valueRequired\":true,\"valueName\":\"search_term_string\"}}],\"inLanguage\":\"fi\"},{\"@type\":\"Organization\",\"@id\":\"https:\\\/\\\/suomaa.com\\\/de\\\/#organization\",\"name\":\"Suomaa Deutsch\",\"url\":\"https:\\\/\\\/suomaa.com\\\/de\\\/\",\"logo\":{\"@type\":\"ImageObject\",\"inLanguage\":\"fi\",\"@id\":\"https:\\\/\\\/suomaa.com\\\/de\\\/#\\\/schema\\\/logo\\\/image\\\/\",\"url\":\"https:\\\/\\\/suomaa.com\\\/de\\\/wp-content\\\/uploads\\\/sites\\\/2\\\/2020\\\/01\\\/suomaa-logo.png\",\"contentUrl\":\"https:\\\/\\\/suomaa.com\\\/de\\\/wp-content\\\/uploads\\\/sites\\\/2\\\/2020\\\/01\\\/suomaa-logo.png\",\"width\":491,\"height\":79,\"caption\":\"Suomaa Deutsch\"},\"image\":{\"@id\":\"https:\\\/\\\/suomaa.com\\\/de\\\/#\\\/schema\\\/logo\\\/image\\\/\"}}]}<\/script>\n<!-- \/ Yoast SEO plugin. -->","yoast_head_json":{"title":"HEILTORFSAUNA - Suomaa Deutsch","description":"Heiltorfsauna: Die SUOMAA-Heiltorfsauna entspannt, lindert Schmerzen und reduziert \u00d6deme","robots":{"index":"index","follow":"follow","max-snippet":"max-snippet:-1","max-image-preview":"max-image-preview:large","max-video-preview":"max-video-preview:-1"},"canonical":"https:\/\/suomaa.com\/de\/heiltorfsauna\/","og_locale":"fi_FI","og_type":"article","og_title":"HEILTORFSAUNA - Suomaa Deutsch","og_description":"Heiltorfsauna: Die SUOMAA-Heiltorfsauna entspannt, lindert Schmerzen und reduziert \u00d6deme","og_url":"https:\/\/suomaa.com\/de\/heiltorfsauna\/","og_site_name":"Suomaa Deutsch","article_modified_time":"2020-02-03T12:17:56+00:00","og_image":[{"width":1920,"height":1140,"url":"https:\/\/suomaa.com\/de\/wp-content\/uploads\/sites\/2\/2020\/01\/suomaa-hoitoturve-5.jpg","type":"image\/jpeg"}],"twitter_card":"summary_large_image","twitter_misc":{"Arvioitu lukuaika":"3 minuuttia"},"schema":{"@context":"https:\/\/schema.org","@graph":[{"@type":"WebPage","@id":"https:\/\/suomaa.com\/de\/heiltorfsauna\/","url":"https:\/\/suomaa.com\/de\/heiltorfsauna\/","name":"HEILTORFSAUNA - Suomaa Deutsch","isPartOf":{"@id":"https:\/\/suomaa.com\/de\/#website"},"primaryImageOfPage":{"@id":"https:\/\/suomaa.com\/de\/heiltorfsauna\/#primaryimage"},"image":{"@id":"https:\/\/suomaa.com\/de\/heiltorfsauna\/#primaryimage"},"thumbnailUrl":"https:\/\/suomaa.com\/de\/wp-content\/uploads\/sites\/2\/2020\/01\/suomaa-hoitoturve-5.jpg","datePublished":"2020-01-14T08:34:18+00:00","dateModified":"2020-02-03T12:17:56+00:00","description":"Heiltorfsauna: Die SUOMAA-Heiltorfsauna entspannt, lindert Schmerzen und reduziert \u00d6deme","breadcrumb":{"@id":"https:\/\/suomaa.com\/de\/heiltorfsauna\/#breadcrumb"},"inLanguage":"fi","potentialAction":[{"@type":"ReadAction","target":["https:\/\/suomaa.com\/de\/heiltorfsauna\/"]}]},{"@type":"ImageObject","inLanguage":"fi","@id":"https:\/\/suomaa.com\/de\/heiltorfsauna\/#primaryimage","url":"https:\/\/suomaa.com\/de\/wp-content\/uploads\/sites\/2\/2020\/01\/suomaa-hoitoturve-5.jpg","contentUrl":"https:\/\/suomaa.com\/de\/wp-content\/uploads\/sites\/2\/2020\/01\/suomaa-hoitoturve-5.jpg","width":1920,"height":1140},{"@type":"BreadcrumbList","@id":"https:\/\/suomaa.com\/de\/heiltorfsauna\/#breadcrumb","itemListElement":[{"@type":"ListItem","position":1,"name":"Home","item":"https:\/\/suomaa.com\/de\/"},{"@type":"ListItem","position":2,"name":"HEILTORFSAUNA"}]},{"@type":"WebSite","@id":"https:\/\/suomaa.com\/de\/#website","url":"https:\/\/suomaa.com\/de\/","name":"Suomaa Deutsch","description":"","publisher":{"@id":"https:\/\/suomaa.com\/de\/#organization"},"potentialAction":[{"@type":"SearchAction","target":{"@type":"EntryPoint","urlTemplate":"https:\/\/suomaa.com\/de\/?s={search_term_string}"},"query-input":{"@type":"PropertyValueSpecification","valueRequired":true,"valueName":"search_term_string"}}],"inLanguage":"fi"},{"@type":"Organization","@id":"https:\/\/suomaa.com\/de\/#organization","name":"Suomaa Deutsch","url":"https:\/\/suomaa.com\/de\/","logo":{"@type":"ImageObject","inLanguage":"fi","@id":"https:\/\/suomaa.com\/de\/#\/schema\/logo\/image\/","url":"https:\/\/suomaa.com\/de\/wp-content\/uploads\/sites\/2\/2020\/01\/suomaa-logo.png","contentUrl":"https:\/\/suomaa.com\/de\/wp-content\/uploads\/sites\/2\/2020\/01\/suomaa-logo.png","width":491,"height":79,"caption":"Suomaa Deutsch"},"image":{"@id":"https:\/\/suomaa.com\/de\/#\/schema\/logo\/image\/"}}]}},"_links":{"self":[{"href":"https:\/\/suomaa.com\/de\/wp-json\/wp\/v2\/pages\/30","targetHints":{"allow":["GET"]}}],"collection":[{"href":"https:\/\/suomaa.com\/de\/wp-json\/wp\/v2\/pages"}],"about":[{"href":"https:\/\/suomaa.com\/de\/wp-json\/wp\/v2\/types\/page"}],"author":[{"embeddable":true,"href":"https:\/\/suomaa.com\/de\/wp-json\/wp\/v2\/users\/1"}],"replies":[{"embeddable":true,"href":"https:\/\/suomaa.com\/de\/wp-json\/wp\/v2\/comments?post=30"}],"version-history":[{"count":18,"href":"https:\/\/suomaa.com\/de\/wp-json\/wp\/v2\/pages\/30\/revisions"}],"predecessor-version":[{"id":211,"href":"https:\/\/suomaa.com\/de\/wp-json\/wp\/v2\/pages\/30\/revisions\/211"}],"wp:featuredmedia":[{"embeddable":true,"href":"https:\/\/suomaa.com\/de\/wp-json\/wp\/v2\/media\/31"}],"wp:attachment":[{"href":"https:\/\/suomaa.com\/de\/wp-json\/wp\/v2\/media?parent=30"}],"curies":[{"name":"wp","href":"https:\/\/api.w.org\/{rel}","templated":true}]}}